{"id":148,"date":"2024-02-01T19:22:47","date_gmt":"2024-02-01T18:22:47","guid":{"rendered":"https:\/\/blain-leyzour.com\/wordpress\/?post_type=product&#038;p=148"},"modified":"2026-05-14T16:29:42","modified_gmt":"2026-05-14T14:29:42","slug":"cd-duo-blain-leyzour-2012-pochette-carton","status":"publish","type":"product","link":"https:\/\/blain-leyzour.com\/wordpress\/produit\/cd-duo-blain-leyzour-2012-pochette-carton\/","title":{"rendered":"CD \u201cDuo Blain-Leyzour\u201d \u2013 2012 [POCHETTE CARTON]"},"content":{"rendered":"<p>Premier album \u00e9ponyme du duo Blain-Leyzour paru en 2012, produit par Aremorica Records<\/p>\n<p>&#8211; format pochette carton &#8211;<\/p>\n<div>Liste des pistes :<\/div>\n<p>01. Rond de Saint-Vincent<br \/>\n02. Mara\u00eechine<br \/>\n03. Kost ar c\u2019hoat<br \/>\n04. Rond de Sautron piqu\u00e9<br \/>\n05. Valse<br \/>\n06. Suite plinn &#8211; Ton simple<br \/>\n07. Suite plinn &#8211; Bal<br \/>\n08. Suite plinn &#8211; Ton double<br \/>\n09. Rond paludier<br \/>\n10. Bal paludier<br \/>\n11. Gavotte des montagnes<br \/>\n12. Avant-deux de travers<br \/>\n13. Scottish<br \/>\n14. Branle de Noirmoutier<br \/>\n15. Mazurka<\/p>\n<p><i>Enregistr\u00e9, mix\u00e9 et masteris\u00e9 par Fran\u00e7ois Badeau entre d\u00e9cembre 2011 et mars 2012 \u00e0 Saint-Mars-du-D\u00e9sert (44)<\/i><\/p>\n","protected":false},"excerpt":{"rendered":"<p>Premier album \u00e9ponyme du duo Blain-Leyzour paru en 2012, produit par Aremorica Records (format pochette carton)<\/p>\n","protected":false},"featured_media":149,"comment_status":"open","ping_status":"closed","template":"","meta":[],"product_brand":[],"product_cat":[20],"product_tag":[],"class_list":{"0":"post-148","1":"product","2":"type-product","3":"status-publish","4":"has-post-thumbnail","6":"product_cat-cd-physiques","8":"first","9":"outofstock","10":"taxable","11":"shipping-taxable","12":"purchasable","13":"product-type-simple"},"jetpack_sharing_enabled":true,"_links":{"self":[{"href":"https:\/\/blain-leyzour.com\/wordpress\/wp-json\/wp\/v2\/product\/148","targetHints":{"allow":["GET"]}}],"collection":[{"href":"https:\/\/blain-leyzour.com\/wordpress\/wp-json\/wp\/v2\/product"}],"about":[{"href":"https:\/\/blain-leyzour.com\/wordpress\/wp-json\/wp\/v2\/types\/product"}],"replies":[{"embeddable":true,"href":"https:\/\/blain-leyzour.com\/wordpress\/wp-json\/wp\/v2\/comments?post=148"}],"wp:featuredmedia":[{"embeddable":true,"href":"https:\/\/blain-leyzour.com\/wordpress\/wp-json\/wp\/v2\/media\/149"}],"wp:attachment":[{"href":"https:\/\/blain-leyzour.com\/wordpress\/wp-json\/wp\/v2\/media?parent=148"}],"wp:term":[{"taxonomy":"product_brand","embeddable":true,"href":"https:\/\/blain-leyzour.com\/wordpress\/wp-json\/wp\/v2\/product_brand?post=148"},{"taxonomy":"product_cat","embeddable":true,"href":"https:\/\/blain-leyzour.com\/wordpress\/wp-json\/wp\/v2\/product_cat?post=148"},{"taxonomy":"product_tag","embeddable":true,"href":"https:\/\/blain-leyzour.com\/wordpress\/wp-json\/wp\/v2\/product_tag?post=148"}],"curies":[{"name":"wp","href":"https:\/\/api.w.org\/{rel}","templated":true}]}}